{"id":287,"date":"2023-09-24T19:18:52","date_gmt":"2023-09-24T19:18:52","guid":{"rendered":"https:\/\/leitgebhof.com\/winter\/"},"modified":"2024-06-01T00:22:14","modified_gmt":"2024-06-01T00:22:14","slug":"winter","status":"publish","type":"page","link":"https:\/\/hotel-leitgebhof.at\/de\/winter\/","title":{"rendered":"Winter"},"content":{"rendered":"<p>[et_pb_section fb_built=&#8220;1&#8243; admin_label=&#8220;Header&#8220; _builder_version=&#8220;4.24.0&#8243; use_background_color_gradient=&#8220;on&#8220; background_color_gradient_type=&#8220;circular&#8220; background_color_gradient_direction_radial=&#8220;top left&#8220; background_color_gradient_stops=&#8220;rgba(255,255,255,0.89) 30%|rgba(255,255,255,0) 80%&#8220; background_color_gradient_overlays_image=&#8220;on&#8220; background_color_gradient_start=&#8220;rgba(255,255,255,0.89)&#8220; background_color_gradient_start_position=&#8220;30%&#8220; background_color_gradient_end=&#8220;rgba(255,255,255,0)&#8220; background_color_gradient_end_position=&#8220;80%&#8220; background_image=&#8220;https:\/\/hotel-leitgebhof.at\/wp-content\/uploads\/2024\/02\/5a2abc5c78d9765c133983c431cf185e5310adf7.jpeg&#8220; background_position=&#8220;bottom_center&#8220; custom_margin=&#8220;||||false|false&#8220; custom_padding=&#8220;207px||207px||false|false&#8220; global_colors_info=&#8220;{}&#8220;][et_pb_row _builder_version=&#8220;4.16&#8243; global_colors_info=&#8220;{}&#8220;][et_pb_column type=&#8220;4_4&#8243; _builder_version=&#8220;4.16&#8243; custom_padding=&#8220;|||&#8220; global_colors_info=&#8220;{}&#8220; custom_padding__hover=&#8220;|||&#8220;][et_pb_text _builder_version=&#8220;4.24.0&#8243; text_font=&#8220;||||||||&#8220; header_font=&#8220;Montserrat|700|||||||&#8220; header_font_size=&#8220;80px&#8220; header_line_height=&#8220;1.2em&#8220; header_5_font=&#8220;Montserrat|700||on|||||&#8220; header_5_text_color=&#8220;#000000&#8243; header_5_font_size=&#8220;20px&#8220; header_5_letter_spacing=&#8220;0.5em&#8220; header_5_line_height=&#8220;1.8em&#8220; custom_margin=&#8220;||7px|||&#8220; custom_padding=&#8220;||0px|||&#8220; animation_style=&#8220;zoom&#8220; animation_intensity_zoom=&#8220;5%&#8220; header_font_size_tablet=&#8220;48px&#8220; header_font_size_phone=&#8220;32px&#8220; header_font_size_last_edited=&#8220;on|phone&#8220; header_5_font_size_tablet=&#8220;14px&#8220; header_5_font_size_phone=&#8220;12px&#8220; header_5_font_size_last_edited=&#8220;on|desktop&#8220; global_colors_info=&#8220;{}&#8220;]<\/p>\n<h5><strong>Wunderland in Innsbruck<\/strong><\/h5>\n<h1>winter<\/h1>\n<p>[\/et_pb_text][et_pb_divider color=&#8220;rgba(0,0,0,0.71)&#8220; divider_weight=&#8220;18px&#8220; _builder_version=&#8220;4.23.4&#8243; _module_preset=&#8220;default&#8220; width=&#8220;38%&#8220; custom_margin=&#8220;4px||||false|false&#8220; global_colors_info=&#8220;{}&#8220;][\/et_pb_divider][\/et_pb_column][\/et_pb_row][\/et_pb_section][et_pb_section fb_built=&#8220;1&#8243; _builder_version=&#8220;4.23.4&#8243; _module_preset=&#8220;default&#8220; custom_margin=&#8220;0px||0px||false|false&#8220; custom_padding=&#8220;0px||0px||false|false&#8220; global_colors_info=&#8220;{}&#8220;][et_pb_row use_custom_gutter=&#8220;on&#8220; make_equal=&#8220;on&#8220; _builder_version=&#8220;4.24.0&#8243; _module_preset=&#8220;default&#8220; global_colors_info=&#8220;{}&#8220;][et_pb_column type=&#8220;4_4&#8243; _builder_version=&#8220;4.24.0&#8243; _module_preset=&#8220;default&#8220; global_colors_info=&#8220;{}&#8220;][et_pb_text _builder_version=&#8220;4.24.0&#8243; _module_preset=&#8220;default&#8220; text_font=&#8220;Montserrat||||||||&#8220; text_text_color=&#8220;#000000&#8243; text_font_size=&#8220;17px&#8220; text_line_height=&#8220;2em&#8220; custom_padding=&#8220;||0px|||&#8220; global_colors_info=&#8220;{}&#8220;]<\/p>\n<p>Willkommen im Hotel Leitgebhof, Ihrem gem\u00fctlichen R\u00fcckzugsort im Herzen der atemberaubenden \u00f6sterreichischen Alpen. Wenn die Wintersaison \u00fcber uns hereinbricht, tauchen Sie ein in eine Welt voller verschneiter Pracht und endloser Abenteuer.<\/p>\n<p>Von aufregenden Outdoor-Aktivit\u00e4ten bis hin zu ruhigen Momenten der Entspannung, unser Hotel bietet den perfekten Ausgangspunkt f\u00fcr Ihre Winterausfl\u00fcge in Innsbruck.<\/p>\n<h2>Aktivit\u00e4ten im Winter<\/h2>\n<p><strong>Skifahren und Snowboarden:<\/strong> Begeben Sie sich auf die Pisten und erleben Sie den Nervenkitzel des Ski- und Snowboardfahrens in einigen der bekanntesten Skigebiete \u00d6sterreichs. Nur eine kurze Autofahrt vom Hotel Leitgebhof entfernt, finden Sie Zugang zu Weltklasse-Skigebieten wie Axamer Lizum, Nordkette und Patscherkofel. Ob Sie nun ein erfahrener Profi oder ein Anf\u00e4nger sind, es gibt Pisten f\u00fcr alle K\u00f6nnerstufen.<\/p>\n<p><strong>Skilanglauf:<\/strong> Erkunden Sie die malerische Winterlandschaft rund um Innsbruck auf Langlaufskiern. Gleiten Sie durch unber\u00fchrte W\u00e4lder und \u00fcber glitzernde, schneebedeckte Wiesen und genie\u00dfen Sie den atemberaubenden Panoramablick auf die Tiroler Alpen. Mehrere gut pr\u00e4parierte Langlaufloipen sind von unserem Hotel aus leicht zu erreichen.<\/p>\n<p><strong>Schneeschuhwandern:<\/strong> Schnallen Sie sich ein Paar Schneeschuhe an und wagen Sie sich abseits der ausgetretenen Pfade, um die stille Sch\u00f6nheit der verschneiten Landschaft zu entdecken. Entdecken Sie auf Ihrer Wanderung durch die winterliche Wildnis versteckte T\u00e4ler, abgelegene Bergh\u00fctten und stille W\u00e4lder. F\u00fcr diejenigen, die einen fachkundigen Einblick in die \u00f6rtliche Flora, Fauna und Geografie erhalten m\u00f6chten, werden gef\u00fchrte Schneeschuhtouren angeboten.<\/p>\n<p><strong>Schlittenfahrten:<\/strong> Erleben Sie den Zauber des Winters bei einer traditionellen Pferdeschlittenfahrt durch verschneite Felder und bezaubernde W\u00e4lder. Kuscheln Sie sich unter warme Decken, w\u00e4hrend Sie durch die Winterlandschaft gleiten, begleitet vom sanften Klingeln der Schlittenglocken. Ideal f\u00fcr Paare oder Familien, die unvergessliche Erinnerungen schaffen wollen.<\/p>\n<p><strong>Schlittschuhlaufen:<\/strong> Schn\u00fcren Sie Ihre Schlittschuhe und gehen Sie auf einem der bezaubernden Eislaufpl\u00e4tze in Innsbruck aufs Eis. Ob Sie unter dem Sternenhimmel herumwirbeln oder Ihre Eishockeyk\u00fcnste trainieren, Eislaufen bietet Spa\u00df f\u00fcr alle Altersgruppen. Genie\u00dfen Sie die festliche Atmosph\u00e4re, trinken Sie einen hei\u00dfen Kakao und schaffen Sie bleibende Erinnerungen mit Ihren Lieben.<\/p>\n<p><strong>Snow Tubing und Schlittenfahren:<\/strong> Lassen Sie Ihr inneres Kind frei und rasen Sie auf einem Snowtub oder einer Rodel die verschneiten H\u00e4nge hinunter. Lachen Sie und jubeln Sie, w\u00e4hrend Sie die aufregenden Pisten hinuntersausen, den Wind in Ihren Haaren sp\u00fcren und das Adrenalin durch Ihre Adern pumpt. Das ist eine aufregende Aktivit\u00e4t, die die ganze Familie genie\u00dfen kann.<br \/>Nach einem erlebnisreichen Tag&#8230;<\/p>\n<p>Nach einem Tag voller Wintererlebnisse kehren Sie in die W\u00e4rme und den Komfort des Hotels Leitgebhof zur\u00fcck. Entspannen Sie sich in unserem gem\u00fctlichen Lounge-Bereich mit knisternden Kaminen und herrlichem Bergblick. G\u00f6nnen Sie sich einen wohltuenden Saunagang oder g\u00f6nnen Sie sich eine entspannende Massage, um m\u00fcde Muskeln zu lockern.<\/p>\n<p>Buchen Sie Ihren Winterausflug noch heute!<\/p>\n<p>Entfliehen Sie in das Schneeparadies Innsbruck und erleben Sie den Zauber des Winters im Hotel Leitgebhof. Unser freundliches Personal, die komfortablen Unterk\u00fcnfte und die g\u00fcnstige Lage machen uns zur perfekten Wahl f\u00fcr Ihren Winterurlaub. Kontaktieren Sie uns jetzt, um Ihr Zimmer zu reservieren und ein unvergessliches Winterabenteuer in den \u00f6sterreichischen Alpen zu planen!<\/p>\n<p>&nbsp;<\/p>\n<p>[\/et_pb_text][\/et_pb_column][\/et_pb_row][\/et_pb_section][et_pb_section fb_built=&#8220;1&#8243; fullwidth=&#8220;on&#8220; _builder_version=&#8220;4.23.4&#8243; _module_preset=&#8220;default&#8220; global_colors_info=&#8220;{}&#8220;][et_pb_fullwidth_code _builder_version=&#8220;4.25.1&#8243; _module_preset=&#8220;default&#8220; hover_enabled=&#8220;0&#8243; global_colors_info=&#8220;{}&#8220; sticky_enabled=&#8220;0&#8243;]<\/p>\n<div id=\"ebFrontEndFrame\"><\/div>\n<p><!-- [et_pb_line_break_holder] --><script src=\"\/\/www.easy-booking.at\/bookingengine2\/js\/jquery.easybooking.frontend.js\"><\/script><!-- [et_pb_line_break_holder] --><script><!-- [et_pb_line_break_holder] -->  function ebFrontendLoadedCheck() {<!-- [et_pb_line_break_holder] -->    if (typeof jQuery != \"undefined\") {<!-- [et_pb_line_break_holder] -->      if (jQuery.fn.ebFrontEnd) {<!-- [et_pb_line_break_holder] -->        jQuery(\"#ebFrontEndFrame\").ebFrontEnd({<!-- [et_pb_line_break_holder] -->          customerId: 300,<!-- [et_pb_line_break_holder] -->          serialNo: \"7300-4144-8820\",<!-- [et_pb_line_break_holder] -->          localeId: 2,<!-- [et_pb_line_break_holder] -->          frameId: \"ebFrontEndPlugin\",<!-- [et_pb_line_break_holder] -->          scrollOffset: 0,<!-- [et_pb_line_break_holder] -->          adultOnly: false,<!-- [et_pb_line_break_holder] -->          gtmDL: \"dataLayer\",<!-- [et_pb_line_break_holder] -->          hideFilters: \"on\",<!-- [et_pb_line_break_holder] -->          disableScroll: true,<!-- [et_pb_line_break_holder] -->          source: \"\",<!-- [et_pb_line_break_holder] -->          collapsedExtras: false<!-- [et_pb_line_break_holder] -->        });<!-- [et_pb_line_break_holder] -->      } else {<!-- [et_pb_line_break_holder] -->        setTimeout(ebFrontendLoadedCheck, 200);<!-- [et_pb_line_break_holder] -->      }<!-- [et_pb_line_break_holder] -->    } else {<!-- [et_pb_line_break_holder] -->      setTimeout(ebFrontendLoadedCheck, 200);<!-- [et_pb_line_break_holder] -->    }<!-- [et_pb_line_break_holder] -->  }<!-- [et_pb_line_break_holder] -->  ebFrontendLoadedCheck();<!-- [et_pb_line_break_holder] --><\/script>  [\/et_pb_fullwidth_code][\/et_pb_section]<\/p>\n","protected":false},"excerpt":{"rendered":"<p>Wunderland in Innsbruck winterWillkommen im Hotel Leitgebhof, Ihrem gem\u00fctlichen R\u00fcckzugsort im Herzen der atemberaubenden \u00f6sterreichischen Alpen. Wenn die Wintersaison \u00fcber uns hereinbricht, tauchen Sie ein in eine Welt voller verschneiter Pracht und endloser Abenteuer. Von aufregenden Outdoor-Aktivit\u00e4ten bis hin zu ruhigen Momenten der Entspannung, unser Hotel bietet den perfekten Ausgangspunkt f\u00fcr Ihre Winterausfl\u00fcge in Innsbruck. [&hellip;]<\/p>\n","protected":false},"author":2,"featured_media":0,"parent":0,"menu_order":0,"comment_status":"closed","ping_status":"closed","template":"","meta":{"_et_pb_use_builder":"on","_et_pb_old_content":"","_et_gb_content_width":"","footnotes":""},"class_list":["post-287","page","type-page","status-publish","hentry"],"_links":{"self":[{"href":"https:\/\/hotel-leitgebhof.at\/de\/wp-json\/wp\/v2\/pages\/287","targetHints":{"allow":["GET"]}}],"collection":[{"href":"https:\/\/hotel-leitgebhof.at\/de\/wp-json\/wp\/v2\/pages"}],"about":[{"href":"https:\/\/hotel-leitgebhof.at\/de\/wp-json\/wp\/v2\/types\/page"}],"author":[{"embeddable":true,"href":"https:\/\/hotel-leitgebhof.at\/de\/wp-json\/wp\/v2\/users\/2"}],"replies":[{"embeddable":true,"href":"https:\/\/hotel-leitgebhof.at\/de\/wp-json\/wp\/v2\/comments?post=287"}],"version-history":[{"count":0,"href":"https:\/\/hotel-leitgebhof.at\/de\/wp-json\/wp\/v2\/pages\/287\/revisions"}],"wp:attachment":[{"href":"https:\/\/hotel-leitgebhof.at\/de\/wp-json\/wp\/v2\/media?parent=287"}],"curies":[{"name":"wp","href":"https:\/\/api.w.org\/{rel}","templated":true}]}}