{"id":281,"date":"2023-09-24T19:25:35","date_gmt":"2023-09-24T19:25:35","guid":{"rendered":"https:\/\/leitgebhof.com\/ueber\/"},"modified":"2025-01-10T15:54:33","modified_gmt":"2025-01-10T15:54:33","slug":"ueber","status":"publish","type":"page","link":"https:\/\/hotel-leitgebhof.at\/de\/ueber\/","title":{"rendered":"\u00dcber uns"},"content":{"rendered":"<p>[et_pb_section fb_built=&#8220;1&#8243; admin_label=&#8220;Header&#8220; _builder_version=&#8220;4.24.0&#8243; use_background_color_gradient=&#8220;on&#8220; background_color_gradient_type=&#8220;circular&#8220; background_color_gradient_direction_radial=&#8220;top left&#8220; background_color_gradient_stops=&#8220;rgba(255,255,255,0.89) 30%|rgba(255,255,255,0) 80%&#8220; background_color_gradient_overlays_image=&#8220;on&#8220; background_color_gradient_start=&#8220;rgba(255,255,255,0.89)&#8220; background_color_gradient_start_position=&#8220;30%&#8220; background_color_gradient_end=&#8220;rgba(255,255,255,0)&#8220; background_color_gradient_end_position=&#8220;80%&#8220; background_image=&#8220;https:\/\/leitgebhof.com\/wp-content\/uploads\/2023\/10\/6857001.jpeg&#8220; custom_margin=&#8220;||||false|false&#8220; custom_padding=&#8220;207px||207px||false|false&#8220; global_colors_info=&#8220;{}&#8220;][et_pb_row _builder_version=&#8220;4.16&#8243; global_colors_info=&#8220;{}&#8220;][et_pb_column type=&#8220;4_4&#8243; _builder_version=&#8220;4.16&#8243; custom_padding=&#8220;|||&#8220; global_colors_info=&#8220;{}&#8220; custom_padding__hover=&#8220;|||&#8220;][et_pb_text _builder_version=&#8220;4.24.0&#8243; text_font=&#8220;||||||||&#8220; header_font=&#8220;Montserrat|700|||||||&#8220; header_font_size=&#8220;80px&#8220; header_line_height=&#8220;1.2em&#8220; header_5_font=&#8220;Montserrat|700||on|||||&#8220; header_5_text_color=&#8220;#000000&#8243; header_5_font_size=&#8220;20px&#8220; header_5_letter_spacing=&#8220;0.5em&#8220; header_5_line_height=&#8220;1.8em&#8220; custom_margin=&#8220;||7px|||&#8220; custom_padding=&#8220;||0px|||&#8220; animation_style=&#8220;zoom&#8220; animation_intensity_zoom=&#8220;5%&#8220; header_font_size_tablet=&#8220;48px&#8220; header_font_size_phone=&#8220;32px&#8220; header_font_size_last_edited=&#8220;on|phone&#8220; header_5_font_size_tablet=&#8220;14px&#8220; header_5_font_size_phone=&#8220;12px&#8220; header_5_font_size_last_edited=&#8220;on|desktop&#8220; global_colors_info=&#8220;{}&#8220;]<\/p>\n<h5>Heim kommen<\/h5>\n<h1>\u00fcber uns<\/h1>\n<p>[\/et_pb_text][et_pb_divider color=&#8220;rgba(0,0,0,0.71)&#8220; divider_weight=&#8220;18px&#8220; _builder_version=&#8220;4.23.4&#8243; _module_preset=&#8220;default&#8220; width=&#8220;38%&#8220; custom_margin=&#8220;4px||||false|false&#8220; global_colors_info=&#8220;{}&#8220;][\/et_pb_divider][\/et_pb_column][\/et_pb_row][\/et_pb_section][et_pb_section fb_built=&#8220;1&#8243; _builder_version=&#8220;4.23.4&#8243; _module_preset=&#8220;default&#8220; custom_margin=&#8220;0px||0px||false|false&#8220; custom_padding=&#8220;0px||0px||false|false&#8220; global_colors_info=&#8220;{}&#8220;][et_pb_row use_custom_gutter=&#8220;on&#8220; make_equal=&#8220;on&#8220; _builder_version=&#8220;4.24.0&#8243; _module_preset=&#8220;default&#8220; global_colors_info=&#8220;{}&#8220;][et_pb_column type=&#8220;4_4&#8243; _builder_version=&#8220;4.24.0&#8243; _module_preset=&#8220;default&#8220; global_colors_info=&#8220;{}&#8220;][et_pb_text _builder_version=&#8220;4.24.0&#8243; _module_preset=&#8220;default&#8220; text_font=&#8220;Montserrat||||||||&#8220; text_text_color=&#8220;#000000&#8243; custom_padding=&#8220;||0px|||&#8220; global_colors_info=&#8220;{}&#8220;]<\/p>\n<h2><\/h2>\n<p>Willkommen im Hotel Leitgebhof, Ihrem ruhigen R\u00fcckzugsort im Herzen der \u00f6sterreichischen Alpen in Innsbruck. Vor der malerischen Kulisse schneebedeckter Berge und \u00fcppigen Gr\u00fcns gelegen, bietet unser Hotel eine friedliche Oase f\u00fcr Reisende, die Ruhe und Komfort suchen.<\/p>\n<h2>Unsere Geschichte<\/h2>\n<p>Unser Hotel wurde 1985 von der Familie Leitgeb gegr\u00fcndet und ist seit \u00fcber drei Jahrzehnten ein fester Bestandteil der Region. Mit unserem Engagement f\u00fcr au\u00dfergew\u00f6hnliche Gastfreundschaft und pers\u00f6nlichen Service haben wir uns den Ruf erworben, f\u00fcr Besucher aus der ganzen Welt ein Zuhause in der Ferne zu sein.<\/p>\n<h2>Unser Standort<\/h2>\n<p>Das Hotel Leitgebhof liegt nur wenige Kilometer vom Stadtzentrum Innsbrucks entfernt und bietet die perfekte Mischung aus ruhiger Entspannung und einfachem Zugang zu st\u00e4dtischen Annehmlichkeiten. Egal, ob Sie die historischen Sehensw\u00fcrdigkeiten von Innsbruck erkunden, im Winter auf die Piste gehen oder im Sommer eine Wanderung unternehmen m\u00f6chten, unser Hotel ist der ideale Ausgangspunkt f\u00fcr Ihre Abenteuer.<\/p>\n<h2>Unterk\u00fcnfte<\/h2>\n<p>Unser Hotel bietet eine Vielzahl von komfortablen und gut ausgestatteten Unterk\u00fcnften, die den Anspr\u00fcchen aller Reisenden gerecht werden. Von gem\u00fctlichen Einzelzimmern bis hin zu ger\u00e4umigen Familiensuiten ist jedes G\u00e4stezimmer auf Ihren Komfort ausgerichtet. Genie\u00dfen Sie moderne Annehmlichkeiten wie kostenloses Wi-Fi, Flachbildfernseher und weiche Betten, die einen erholsamen Aufenthalt garantieren.<\/p>\n<h2>Veranstaltungen und Meetings<\/h2>\n<p>Planen Sie eine besondere Veranstaltung oder ein Firmenevent? Unser Hotel bietet vielseitige Veranstaltungsr\u00e4ume und einen professionellen Veranstaltungsplanungsservice, um sicherzustellen, dass Ihr Anlass ein Erfolg wird. Ganz gleich, ob Sie einen Hochzeitsempfang, eine Konferenz oder eine intime Feier veranstalten m\u00f6chten, unser engagiertes Team steht Ihnen bei jedem Schritt zur Seite.<\/p>\n<h2>Innsbruck erkunden<\/h2>\n<p>Tauchen Sie ein in den Charme und die Sch\u00f6nheit von Innsbruck mit unserem Hotel als Ihre Basis. Entdecken Sie ikonische Wahrzeichen wie das Goldene Dachl, die Hofburg und die Swarovski Kristallwelten, oder begeben Sie sich in die umliegenden Berge, um Aktivit\u00e4ten wie Skifahren, Wandern und Mountainbiken nachzugehen.<\/p>\n<h2>Kontakt<\/h2>\n<p>Sind Sie bereit, die Herzlichkeit und Gastfreundschaft des Hotels Leitgebhof zu erleben? Kontaktieren Sie uns noch heute, um Ihren Aufenthalt zu buchen oder sich \u00fcber unsere Annehmlichkeiten und Dienstleistungen zu erkundigen. Wir freuen uns darauf, Sie in unserer ruhigen Oase in den \u00f6sterreichischen Alpen begr\u00fc\u00dfen zu d\u00fcrfen!<\/p>\n<p>[\/et_pb_text][\/et_pb_column][\/et_pb_row][\/et_pb_section][et_pb_section fb_built=&#8220;1&#8243; fullwidth=&#8220;on&#8220; _builder_version=&#8220;4.23.4&#8243; _module_preset=&#8220;default&#8220; global_colors_info=&#8220;{}&#8220;][et_pb_fullwidth_code _builder_version=&#8220;4.23.4&#8243; _module_preset=&#8220;default&#8220; global_colors_info=&#8220;{}&#8220;]<\/p>\n<div id=\"ebFrontEndFrame\"><\/div>\n<p><!-- [et_pb_line_break_holder] --><script src=\"\/\/www.easy-booking.at\/bookingengine2\/js\/jquery.easybooking.frontend.js\"><\/script><!-- [et_pb_line_break_holder] --><script><!-- [et_pb_line_break_holder] -->  function ebFrontendLoadedCheck() {<!-- [et_pb_line_break_holder] -->    if (typeof jQuery != \"undefined\") {<!-- [et_pb_line_break_holder] -->      if (jQuery.fn.ebFrontEnd) {<!-- [et_pb_line_break_holder] -->        jQuery(\"#ebFrontEndFrame\").ebFrontEnd({<!-- [et_pb_line_break_holder] -->          customerId: 300,<!-- [et_pb_line_break_holder] -->          serialNo: \"7300-4144-8820\",<!-- [et_pb_line_break_holder] -->          localeId: 1,<!-- [et_pb_line_break_holder] -->          frameId: \"ebFrontEndPlugin\",<!-- [et_pb_line_break_holder] -->          scrollOffset: 0,<!-- [et_pb_line_break_holder] -->          adultOnly: false,<!-- [et_pb_line_break_holder] -->          gtmDL: \"dataLayer\",<!-- [et_pb_line_break_holder] -->          hideFilters: \"on\",<!-- [et_pb_line_break_holder] -->          disableScroll: true,<!-- [et_pb_line_break_holder] -->          source: \"\",<!-- [et_pb_line_break_holder] -->          collapsedExtras: false<!-- [et_pb_line_break_holder] -->        });<!-- [et_pb_line_break_holder] -->      } else {<!-- [et_pb_line_break_holder] -->        setTimeout(ebFrontendLoadedCheck, 200);<!-- [et_pb_line_break_holder] -->      }<!-- [et_pb_line_break_holder] -->    } else {<!-- [et_pb_line_break_holder] -->      setTimeout(ebFrontendLoadedCheck, 200);<!-- [et_pb_line_break_holder] -->    }<!-- [et_pb_line_break_holder] -->  }<!-- [et_pb_line_break_holder] -->  ebFrontendLoadedCheck();<!-- [et_pb_line_break_holder] --><\/script>  [\/et_pb_fullwidth_code][\/et_pb_section]<\/p>\n","protected":false},"excerpt":{"rendered":"<p>Heim kommen \u00fcber uns Willkommen im Hotel Leitgebhof, Ihrem ruhigen R\u00fcckzugsort im Herzen der \u00f6sterreichischen Alpen in Innsbruck. Vor der malerischen Kulisse schneebedeckter Berge und \u00fcppigen Gr\u00fcns gelegen, bietet unser Hotel eine friedliche Oase f\u00fcr Reisende, die Ruhe und Komfort suchen. Unsere Geschichte Unser Hotel wurde 1985 von der Familie Leitgeb gegr\u00fcndet und ist seit [&hellip;]<\/p>\n","protected":false},"author":2,"featured_media":0,"parent":0,"menu_order":0,"comment_status":"closed","ping_status":"closed","template":"","meta":{"_et_pb_use_builder":"on","_et_pb_old_content":"","_et_gb_content_width":"","footnotes":""},"class_list":["post-281","page","type-page","status-publish","hentry"],"_links":{"self":[{"href":"https:\/\/hotel-leitgebhof.at\/de\/wp-json\/wp\/v2\/pages\/281","targetHints":{"allow":["GET"]}}],"collection":[{"href":"https:\/\/hotel-leitgebhof.at\/de\/wp-json\/wp\/v2\/pages"}],"about":[{"href":"https:\/\/hotel-leitgebhof.at\/de\/wp-json\/wp\/v2\/types\/page"}],"author":[{"embeddable":true,"href":"https:\/\/hotel-leitgebhof.at\/de\/wp-json\/wp\/v2\/users\/2"}],"replies":[{"embeddable":true,"href":"https:\/\/hotel-leitgebhof.at\/de\/wp-json\/wp\/v2\/comments?post=281"}],"version-history":[{"count":0,"href":"https:\/\/hotel-leitgebhof.at\/de\/wp-json\/wp\/v2\/pages\/281\/revisions"}],"wp:attachment":[{"href":"https:\/\/hotel-leitgebhof.at\/de\/wp-json\/wp\/v2\/media?parent=281"}],"curies":[{"name":"wp","href":"https:\/\/api.w.org\/{rel}","templated":true}]}}